{"id":108,"date":"2021-06-19T10:16:36","date_gmt":"2021-06-19T08:16:36","guid":{"rendered":"https:\/\/anciens2rpima.fr\/?page_id=108"},"modified":"2025-08-20T15:01:54","modified_gmt":"2025-08-20T13:01:54","slug":"la-boutique","status":"publish","type":"page","link":"https:\/\/anciens2rpima.fr\/index.php\/la-boutique\/","title":{"rendered":"La boutique"},"content":{"rendered":"\n<p><em>Cette boutique vous permet de porter fi\u00e8rement les couleurs de l&rsquo;amicale<\/em> !<\/p>\n\n\n\n<p><mark style=\"background-color:#fcb900\" class=\"has-inline-color\"><strong>INFO BOUTIQUE du 12 janvier 2025 :<\/strong><\/mark> &gt;&gt;&gt; et Info hors boutique : il reste encore des cravates disponibles \u00e0 la vente \u00e0 25\u20ac ! Si vous en avez command\u00e9, vous pourrez les retirer directement aupr\u00e8s de notre tr\u00e9sorier sur place au 2\u00b0 RPIMa. &gt;&gt;&gt; il reste \u00e9galement des \u00e9cussons au prix de 5 \u20ac, si vous souhaitez renouveler le v\u00f4tre, ces articles sont disponibles jusqu&rsquo;\u00e0 \u00e9puisement du stock.<\/p>\n\n\n\n<figure class=\"wp-block-image size-large\"><a href=\"https:\/\/shop.spreadshirt.fr\/boutiqueamicaleanciensdu2rpima\/\" target=\"_blank\" rel=\"noopener\"><img fetchpriority=\"high\" decoding=\"async\" width=\"1024\" height=\"727\" src=\"https:\/\/anciens2rpima.fr\/wp-content\/uploads\/2021\/06\/La-boutique-1024x727.jpg\" alt=\"\" class=\"wp-image-168\" srcset=\"https:\/\/anciens2rpima.fr\/wp-content\/uploads\/2021\/06\/La-boutique-1024x727.jpg 1024w, https:\/\/anciens2rpima.fr\/wp-content\/uploads\/2021\/06\/La-boutique-300x213.jpg 300w, https:\/\/anciens2rpima.fr\/wp-content\/uploads\/2021\/06\/La-boutique-768x545.jpg 768w, https:\/\/anciens2rpima.fr\/wp-content\/uploads\/2021\/06\/La-boutique-1536x1090.jpg 1536w, https:\/\/anciens2rpima.fr\/wp-content\/uploads\/2021\/06\/La-boutique.jpg 1747w\" sizes=\"(max-width: 1024px) 100vw, 1024px\" \/><\/a><\/figure>\n\n\n\n<p>En plus hors de la boutique virtuelle :<\/p>\n\n\n\n<h2 class=\"wp-block-heading\"><strong>Le polo blanc brod\u00e9 de l&rsquo;Amicale du \u00ab\u00a02\u00a0\u00bb pour 35 \u20ac<\/strong><\/h2>\n\n\n\n<div class=\"wp-block-file aligncenter\"><a id=\"wp-block-file--media-813fa822-c07e-4a83-896b-01000fb0fb56\" href=\"https:\/\/anciens2rpima.fr\/wp-content\/uploads\/2025\/08\/LES-POLOS-AMICALE-1.pdf\"><mark style=\"background-color:#fcb900\" class=\"has-inline-color\">Avril 2025<\/mark> >> Les POLOS BLANCS de l\u2019AMICALE sont arriv\u00e9s :<\/a><a href=\"https:\/\/anciens2rpima.fr\/wp-content\/uploads\/2025\/08\/LES-POLOS-AMICALE-1.pdf\" class=\"wp-block-file__button wp-element-button\" download aria-describedby=\"wp-block-file--media-813fa822-c07e-4a83-896b-01000fb0fb56\">T\u00e9l\u00e9charger<\/a><\/div>\n\n\n\n<h2 class=\"wp-block-heading\">La cravate du \u00ab\u00a02\u00a0\u00bb Brod\u00e9e fil Or pour 25 \u20ac<\/h2>\n\n\n<div class=\"wp-block-image\">\n<figure class=\"aligncenter size-large is-resized\"><img decoding=\"async\" width=\"768\" height=\"1024\" src=\"https:\/\/anciens2rpima.fr\/wp-content\/uploads\/2024\/05\/Capture-decran-2024-05-18-a-21.31.44-1-768x1024.png\" alt=\"\" class=\"wp-image-590\" style=\"width:168px;height:auto\" srcset=\"https:\/\/anciens2rpima.fr\/wp-content\/uploads\/2024\/05\/Capture-decran-2024-05-18-a-21.31.44-1-768x1024.png 768w, https:\/\/anciens2rpima.fr\/wp-content\/uploads\/2024\/05\/Capture-decran-2024-05-18-a-21.31.44-1-225x300.png 225w, https:\/\/anciens2rpima.fr\/wp-content\/uploads\/2024\/05\/Capture-decran-2024-05-18-a-21.31.44-1.png 1056w\" sizes=\"(max-width: 768px) 100vw, 768px\" \/><\/figure>\n<\/div>","protected":false},"excerpt":{"rendered":"<p>Cette boutique vous permet de porter fi\u00e8rement les couleurs de l&rsquo;amicale ! INFO BOUTIQUE du 12 janvier 2025 : &gt;&gt;&gt; &hellip; <\/p>\n","protected":false},"author":1,"featured_media":0,"parent":0,"menu_order":0,"comment_status":"closed","ping_status":"closed","template":"","meta":{"om_disable_all_campaigns":false,"_monsterinsights_skip_tracking":false,"_monsterinsights_sitenote_active":false,"_monsterinsights_sitenote_note":"","_monsterinsights_sitenote_category":0,"_uf_show_specific_survey":0,"_uf_disable_surveys":false,"_price":"","_stock":"","_tribe_ticket_header":"","_tribe_default_ticket_provider":"","_tribe_ticket_capacity":"0","_ticket_start_date":"","_ticket_end_date":"","_tribe_ticket_show_description":"","_tribe_ticket_show_not_going":false,"_tribe_ticket_use_global_stock":"","_tribe_ticket_global_stock_level":"","_global_stock_mode":"","_global_stock_cap":"","_tribe_rsvp_for_event":"","_tribe_ticket_going_count":"","_tribe_ticket_not_going_count":"","_tribe_tickets_list":"[]","_tribe_ticket_has_attendee_info_fields":false,"footnotes":"","_tec_slr_enabled":"","_tec_slr_layout":""},"class_list":["post-108","page","type-page","status-publish","hentry"],"aioseo_notices":[],"ticketed":false,"_links":{"self":[{"href":"https:\/\/anciens2rpima.fr\/index.php\/wp-json\/wp\/v2\/pages\/108","targetHints":{"allow":["GET"]}}],"collection":[{"href":"https:\/\/anciens2rpima.fr\/index.php\/wp-json\/wp\/v2\/pages"}],"about":[{"href":"https:\/\/anciens2rpima.fr\/index.php\/wp-json\/wp\/v2\/types\/page"}],"author":[{"embeddable":true,"href":"https:\/\/anciens2rpima.fr\/index.php\/wp-json\/wp\/v2\/users\/1"}],"replies":[{"embeddable":true,"href":"https:\/\/anciens2rpima.fr\/index.php\/wp-json\/wp\/v2\/comments?post=108"}],"version-history":[{"count":15,"href":"https:\/\/anciens2rpima.fr\/index.php\/wp-json\/wp\/v2\/pages\/108\/revisions"}],"predecessor-version":[{"id":2870,"href":"https:\/\/anciens2rpima.fr\/index.php\/wp-json\/wp\/v2\/pages\/108\/revisions\/2870"}],"wp:attachment":[{"href":"https:\/\/anciens2rpima.fr\/index.php\/wp-json\/wp\/v2\/media?parent=108"}],"curies":[{"name":"wp","href":"https:\/\/api.w.org\/{rel}","templated":true}]}}