{"id":226,"date":"2021-11-20T08:30:23","date_gmt":"2021-11-20T07:30:23","guid":{"rendered":"https:\/\/anciens2rpima.fr\/?page_id=226"},"modified":"2026-03-28T08:52:10","modified_gmt":"2026-03-28T07:52:10","slug":"adhesion","status":"publish","type":"page","link":"https:\/\/anciens2rpima.fr\/index.php\/adhesion\/","title":{"rendered":"ADHESION \/ Statuts"},"content":{"rendered":"\n<p><strong>\u2b50ADHESION \/ RENOUVELLEMENT 2026 (du 01\/10\/2025 au 31\/12\/2026)<\/strong><\/p>\n\n\n\n<p class=\"has-text-align-center\"><strong><mark style=\"background-color:#fcb900\" class=\"has-inline-color\">INFOS COTISATIONS 2026 du 23 octobre 2025 :<\/mark><\/strong> VOUS ETES SUR LA BONNE PAGE !<\/p>\n\n\n\n<p class=\"has-text-align-center\"><strong><mark style=\"background-color:#fcb900\" class=\"has-inline-color\">> COTISATIONS 2026 :<\/mark><\/strong> La campagne est ouverte pour la cotisation 2026 ! Notez que\u00a0la bi-cotisation AA2-UNP est toujours possible, <strong>Rejoignez-nous<\/strong> avec les \u00e9l\u00e9ments ci-dessous !<\/p>\n\n\n\n<p><mark style=\"background-color:rgba(0, 0, 0, 0)\" class=\"has-inline-color has-vivid-green-cyan-color\"><strong>Les diff\u00e9rentes fa\u00e7ons de r\u00e9gler votre cotisation 2026 : <\/strong><\/mark><\/p>\n\n\n\n<ol class=\"wp-block-list\">\n<li><strong>En ligne<\/strong>&nbsp;: ci-dessous, sur HelloAsso.<\/li>\n\n\n\n<li><strong>Par virement<\/strong> : avec bulletin 2026 ci-dessous \u00e0 t\u00e9l\u00e9charger \/ renseigner.<\/li>\n\n\n\n<li><strong>Par ch\u00e8que<\/strong>&nbsp;: avec bulletin 2026 ci-dessous \u00e0 t\u00e9l\u00e9charger \/ renseigner. \u00c0 l\u2019ordre de&nbsp;<em>l\u2019Amicale des Anciens du 2\u00b0 RPIMa<\/em>&nbsp;et \u00e0 envoyer \u00e0 l\u2019adresse inscrite sur le bulletin.<\/li>\n\n\n\n<li><strong>En esp\u00e8ces<\/strong>&nbsp;: Pour ceux qui r\u00e9sident \u00e0 proximit\u00e9.<\/li>\n<\/ol>\n\n\n\n<p class=\"has-vivid-cyan-blue-color has-text-color has-background has-large-font-size\" style=\"background:linear-gradient(90deg,rgb(252,185,0) 9%,rgb(255,105,0) 100%)\"><a href=\"https:\/\/drive.google.com\/file\/d\/1lCa66DsDZSYORbwL_PDRFELUOhhNdD0e\/view\" target=\"_blank\" rel=\"noreferrer noopener\" title=\"voir les statuts \u00e0 jour 2022\">Voir les statuts \u00e0 jour 2022<\/a><\/p>\n\n\n\n<div class=\"wp-block-file has-background\" style=\"background:linear-gradient(135deg,rgb(255,209,0) 0%,rgb(207,46,46) 100%)\"><a id=\"wp-block-file--media-52a55764-0e09-4d3d-9d6b-cb84b0116e59\" href=\"https:\/\/anciens2rpima.fr\/wp-content\/uploads\/2024\/02\/RI-2022-AA2-modifie.signe_.pdf\">  <strong>Voir le REGLEMENT INTERIEUR \u00e0 jour 2022-AA2-modifie.signe<\/strong>_<\/a><a href=\"https:\/\/anciens2rpima.fr\/wp-content\/uploads\/2024\/02\/RI-2022-AA2-modifie.signe_.pdf\" class=\"wp-block-file__button wp-element-button\" download aria-describedby=\"wp-block-file--media-52a55764-0e09-4d3d-9d6b-cb84b0116e59\"><strong>T\u00e9l\u00e9charger<\/strong><\/a><\/div>\n\n\n\n<div class=\"wp-block-file has-background\" style=\"background:linear-gradient(135deg,rgb(255,209,0) 0%,rgb(207,46,46) 100%)\"><a id=\"wp-block-file--media-624b8ce2-bd22-4ae1-a7a6-aba4bb97ccb9\" href=\"https:\/\/anciens2rpima.fr\/wp-content\/uploads\/2025\/10\/Bulletin-Adhesion-2026-Modif-23.10.2025.pdf\"><strong>Bulletin Adh\u00e9sion 2026 AA2 &#8211; Modif 23.10.2025<\/strong><\/a><a href=\"https:\/\/anciens2rpima.fr\/wp-content\/uploads\/2025\/10\/Bulletin-Adhesion-2026-Modif-23.10.2025.pdf\" class=\"wp-block-file__button wp-element-button\" download aria-describedby=\"wp-block-file--media-624b8ce2-bd22-4ae1-a7a6-aba4bb97ccb9\"><strong>T\u00e9l\u00e9charger<\/strong><\/a><\/div>\n\n\n\n<p class=\"has-large-font-size\"><strong><mark style=\"background-color:rgba(0, 0, 0, 0)\" class=\"has-inline-color has-vivid-green-cyan-color\">Hel<\/mark><mark style=\"background-color:rgba(0, 0, 0, 0)\" class=\"has-inline-color has-luminous-vivid-amber-color\">loA<\/mark><mark style=\"background-color:rgba(0, 0, 0, 0);color:#c85270\" class=\"has-inline-color\">sso<\/mark><\/strong> <mark style=\"background-color:#0693e3\" class=\"has-inline-color has-vivid-cyan-blue-color\">\ud83d\udc47<\/mark>:<\/p>\n\n\n\n<iframe id=\"haWidget\" allowtransparency=\"true\" scrolling=\"auto\" src=\"https:\/\/www.helloasso.com\/associations\/amicale-des-anciens-du-2-em-rpima\/adhesions\/d-adhesion-renouvellement-2022-du-01-10-21-au-31-12-22-2-2\/widget\" style=\"width: 100%; height: 750px; border: none;\"><\/iframe>\n","protected":false},"excerpt":{"rendered":"<p>\u2b50ADHESION \/ RENOUVELLEMENT 2026 (du 01\/10\/2025 au 31\/12\/2026) INFOS COTISATIONS 2026 du 23 octobre 2025 : VOUS ETES SUR LA &hellip; <\/p>\n","protected":false},"author":1,"featured_media":0,"parent":0,"menu_order":0,"comment_status":"closed","ping_status":"closed","template":"","meta":{"om_disable_all_campaigns":false,"_monsterinsights_skip_tracking":false,"_monsterinsights_sitenote_active":false,"_monsterinsights_sitenote_note":"","_monsterinsights_sitenote_category":0,"_uf_show_specific_survey":0,"_uf_disable_surveys":false,"_price":"","_stock":"","_tribe_ticket_header":"","_tribe_default_ticket_provider":"","_tribe_ticket_capacity":"0","_ticket_start_date":"","_ticket_end_date":"","_tribe_ticket_show_description":"","_tribe_ticket_show_not_going":false,"_tribe_ticket_use_global_stock":"","_tribe_ticket_global_stock_level":"","_global_stock_mode":"","_global_stock_cap":"","_tribe_rsvp_for_event":"","_tribe_ticket_going_count":"","_tribe_ticket_not_going_count":"","_tribe_tickets_list":"[]","_tribe_ticket_has_attendee_info_fields":false,"footnotes":"","_tec_slr_enabled":"","_tec_slr_layout":""},"class_list":["post-226","page","type-page","status-publish","hentry"],"aioseo_notices":[],"ticketed":false,"_links":{"self":[{"href":"https:\/\/anciens2rpima.fr\/index.php\/wp-json\/wp\/v2\/pages\/226","targetHints":{"allow":["GET"]}}],"collection":[{"href":"https:\/\/anciens2rpima.fr\/index.php\/wp-json\/wp\/v2\/pages"}],"about":[{"href":"https:\/\/anciens2rpima.fr\/index.php\/wp-json\/wp\/v2\/types\/page"}],"author":[{"embeddable":true,"href":"https:\/\/anciens2rpima.fr\/index.php\/wp-json\/wp\/v2\/users\/1"}],"replies":[{"embeddable":true,"href":"https:\/\/anciens2rpima.fr\/index.php\/wp-json\/wp\/v2\/comments?post=226"}],"version-history":[{"count":54,"href":"https:\/\/anciens2rpima.fr\/index.php\/wp-json\/wp\/v2\/pages\/226\/revisions"}],"predecessor-version":[{"id":4272,"href":"https:\/\/anciens2rpima.fr\/index.php\/wp-json\/wp\/v2\/pages\/226\/revisions\/4272"}],"wp:attachment":[{"href":"https:\/\/anciens2rpima.fr\/index.php\/wp-json\/wp\/v2\/media?parent=226"}],"curies":[{"name":"wp","href":"https:\/\/api.w.org\/{rel}","templated":true}]}}