{"id":239,"date":"2021-11-26T18:24:55","date_gmt":"2021-11-26T17:24:55","guid":{"rendered":"https:\/\/anciens2rpima.fr\/?page_id=239"},"modified":"2025-11-23T08:26:57","modified_gmt":"2025-11-23T07:26:57","slug":"lancre-et-le-papangue","status":"publish","type":"page","link":"https:\/\/anciens2rpima.fr\/index.php\/lancre-et-le-papangue\/","title":{"rendered":"L&rsquo;Ancre et le Papangue"},"content":{"rendered":"\n<p>Notre revue semestrielle \u00e0 consulter :<\/p>\n\n\n\n<iframe src=\"\/\/v.calameo.com\/library\/?type=account&amp;id=4059563&amp;rows=1&amp;sortBy=latestPublished&amp;theme=wood&amp;bgColor=&amp;thumbSize=large&amp;showTitle=true&amp;showShadow=true&amp;showGloss=true&amp;showInfo=account&amp;linkTo=view&amp;linkTarget=_blank\" width=\"100%\" height=\"240\" frameborder=\"0\" allowfullscreen=\"\" allowtransparency=\"\"><\/iframe>\n\n\n\n<div class=\"wp-block-group is-content-justification-space-between is-nowrap is-layout-flex wp-container-core-group-is-layout-0dfbf163 wp-block-group-is-layout-flex\"><div class=\"wp-block-image\">\n<figure class=\"alignright size-full is-resized\"><img fetchpriority=\"high\" decoding=\"async\" width=\"469\" height=\"224\" src=\"https:\/\/anciens2rpima.fr\/wp-content\/uploads\/2025\/11\/ancre.jpg\" alt=\"\" class=\"wp-image-3299\" style=\"width:507px;height:auto\" srcset=\"https:\/\/anciens2rpima.fr\/wp-content\/uploads\/2025\/11\/ancre.jpg 469w, https:\/\/anciens2rpima.fr\/wp-content\/uploads\/2025\/11\/ancre-300x143.jpg 300w, https:\/\/anciens2rpima.fr\/wp-content\/uploads\/2025\/11\/ancre-200x96.jpg 200w\" sizes=\"(max-width: 469px) 100vw, 469px\" \/><figcaption class=\"wp-element-caption\"><mark style=\"background-color:rgba(0, 0, 0, 0);color:#0167a2\" class=\"has-inline-color\">Ancre de Marine<\/mark><\/figcaption><\/figure>\n<\/div>\n\n<div class=\"wp-block-image\">\n<figure class=\"alignleft size-full is-resized\"><a href=\"https:\/\/anciens2rpima.fr\/wp-content\/uploads\/2025\/11\/le-papangue-12.jpg\" target=\"_blank\" rel=\" noreferrer noopener\"><img decoding=\"async\" width=\"607\" height=\"891\" src=\"https:\/\/anciens2rpima.fr\/wp-content\/uploads\/2025\/11\/le-papangue-12.jpg\" alt=\"\" class=\"wp-image-3298\" style=\"width:314px;height:auto\" srcset=\"https:\/\/anciens2rpima.fr\/wp-content\/uploads\/2025\/11\/le-papangue-12.jpg 607w, https:\/\/anciens2rpima.fr\/wp-content\/uploads\/2025\/11\/le-papangue-12-204x300.jpg 204w, https:\/\/anciens2rpima.fr\/wp-content\/uploads\/2025\/11\/le-papangue-12-136x200.jpg 136w\" sizes=\"(max-width: 607px) 100vw, 607px\" \/><\/a><figcaption class=\"wp-element-caption\">Le Papangue<\/figcaption><\/figure>\n<\/div><\/div>\n\n\n\n<p><\/p>\n\n\n\n<p><\/p>\n\n\n\n<p class=\"has-text-align-right\"><mark style=\"background-color:rgba(0, 0, 0, 0);color:#0067a2\" class=\"has-inline-color\">Inst N\u00b0685 DEF\/EMAT\/SH du 21\/06\/85 relative au patrimoine de tradition des unit\u00e9s de l&rsquo;arm\u00e9e de terre,<\/mark> <mark style=\"background-color:rgba(0, 0, 0, 0);color:#006ba9\" class=\"has-inline-color\">le c\u00e2ble de l&rsquo;ancre s&rsquo;enroule 2 fois autour de la tige (Se sont les premi\u00e8res ancres des troupes Colo, OM ou de marine).<\/mark><\/p>\n\n\n\n<p><\/p>\n\n\n\n<p><\/p>\n\n\n\n<p><strong>Le PAPANGUE<\/strong> en cr\u00e9ole ou Papango en malgache, <strong>pieds jaunes<\/strong> dits par les anciens, baptis\u00e9 le :<\/p>\n\n\n\n<p><strong><em>Busard de Maillard<\/em><\/strong> et en latin : <strong><em>Circus maillardi<\/em><\/strong><\/p>\n\n\n\n<p>               Le Papangue est un rapace diurne, il s&rsquo;observe surtout dans une zone comprise entre 500 et 1500 m\u00e8tres sur les pentes du massif montagneux de l&rsquo;\u00eele de la R\u00e9union. Il descend parfois jusque dans les plaines basses de la cote Est et Sud mais d\u00e9laisse compl\u00e8tement les sommets au-dessus de 2 200 m et les savanes s\u00e9ch\u00e9s de l&rsquo;Ouest. Il est rare dans les cirques de Cilaos et Mafate, sans doute en raison des pers\u00e9cutions dont il est encore l&rsquo;objet. Le male est franchement bigarr\u00e9 noir et gris clair ou blanc, la femelle est brune assez claire avec une tache blanch\u00e2tre \u00e0 la base de la queue. C&rsquo;est en 1826 que M.&nbsp;<strong>Maillard<\/strong>*&nbsp;le distingua de son anc\u00eatre et lui donna son nom.<\/p>\n\n\n\n<p>Une r\u00e9cente \u00e9tude d&rsquo;un scientifique sud-africain, M. Simmons R.E. distingue le papangue pays des ses cousins de Madagascar et des Comores. Le papangue va donc \u00eatre reconnu comme une esp\u00e8ce end\u00e9mique de la R\u00e9union et il s&rsquo;appellera d\u00e9sormais : \u00ab\u00a0Circus Maillardi\u00a0\u00bb.<\/p>\n\n\n\n<p>Il devient de fait <strong>le busard le plus rare du monde<\/strong>, il est<strong> le seul et unique pr\u00e9dateur de l&rsquo;\u00eele de la R\u00e9union<\/strong> ! Son envergure est de 125&nbsp;\u00e0 140&nbsp;cm d&rsquo;un poids de 705 gr pour les femelles et 520 gr pour les males.<\/p>\n\n\n\n<p><mark style=\"background-color:rgba(0, 0, 0, 0)\" class=\"has-inline-color has-vivid-red-color\">Prot\u00e9g\u00e9<\/mark> <mark style=\"background-color:rgba(0, 0, 0, 0)\" class=\"has-inline-color has-vivid-red-color\">depuis 1989, il est consid\u00e9r\u00e9 comme \u00ab&nbsp;En danger d&rsquo;extinction&nbsp;\u00bb<\/mark><\/p>\n\n\n\n<p>*Ce busard a \u00e9t\u00e9 baptis\u00e9 par&nbsp;<a href=\"https:\/\/fr.wikipedia.org\/wiki\/Jules_Verreaux\">Jules Verreaux<\/a>&nbsp;en hommage \u00e0 Louis Maillard ing\u00e9nieur \u00e0 l&rsquo;\u00eele de La R\u00e9union, qui a le premier pressenti qu&rsquo;il s&rsquo;agissait d&rsquo;une nouvelle esp\u00e8ce.<\/p>\n","protected":false},"excerpt":{"rendered":"<p>Notre revue semestrielle \u00e0 consulter : Inst N\u00b0685 DEF\/EMAT\/SH du 21\/06\/85 relative au patrimoine de tradition des unit\u00e9s de l&rsquo;arm\u00e9e &hellip; <\/p>\n","protected":false},"author":1,"featured_media":0,"parent":0,"menu_order":0,"comment_status":"closed","ping_status":"closed","template":"","meta":{"om_disable_all_campaigns":false,"_monsterinsights_skip_tracking":false,"_monsterinsights_sitenote_active":false,"_monsterinsights_sitenote_note":"","_monsterinsights_sitenote_category":0,"_uf_show_specific_survey":0,"_uf_disable_surveys":false,"_price":"","_stock":"","_tribe_ticket_header":"","_tribe_default_ticket_provider":"","_tribe_ticket_capacity":"0","_ticket_start_date":"","_ticket_end_date":"","_tribe_ticket_show_description":"","_tribe_ticket_show_not_going":false,"_tribe_ticket_use_global_stock":"","_tribe_ticket_global_stock_level":"","_global_stock_mode":"","_global_stock_cap":"","_tribe_rsvp_for_event":"","_tribe_ticket_going_count":"","_tribe_ticket_not_going_count":"","_tribe_tickets_list":"[]","_tribe_ticket_has_attendee_info_fields":false,"footnotes":"","_tec_slr_enabled":"","_tec_slr_layout":""},"class_list":["post-239","page","type-page","status-publish","hentry"],"aioseo_notices":[],"ticketed":false,"_links":{"self":[{"href":"https:\/\/anciens2rpima.fr\/index.php\/wp-json\/wp\/v2\/pages\/239","targetHints":{"allow":["GET"]}}],"collection":[{"href":"https:\/\/anciens2rpima.fr\/index.php\/wp-json\/wp\/v2\/pages"}],"about":[{"href":"https:\/\/anciens2rpima.fr\/index.php\/wp-json\/wp\/v2\/types\/page"}],"author":[{"embeddable":true,"href":"https:\/\/anciens2rpima.fr\/index.php\/wp-json\/wp\/v2\/users\/1"}],"replies":[{"embeddable":true,"href":"https:\/\/anciens2rpima.fr\/index.php\/wp-json\/wp\/v2\/comments?post=239"}],"version-history":[{"count":33,"href":"https:\/\/anciens2rpima.fr\/index.php\/wp-json\/wp\/v2\/pages\/239\/revisions"}],"predecessor-version":[{"id":3330,"href":"https:\/\/anciens2rpima.fr\/index.php\/wp-json\/wp\/v2\/pages\/239\/revisions\/3330"}],"wp:attachment":[{"href":"https:\/\/anciens2rpima.fr\/index.php\/wp-json\/wp\/v2\/media?parent=239"}],"curies":[{"name":"wp","href":"https:\/\/api.w.org\/{rel}","templated":true}]}}